{"id":31,"date":"2019-03-08T15:19:45","date_gmt":"2019-03-08T15:19:45","guid":{"rendered":"http:\/\/wordpress.okja-sh.de\/?page_id=31"},"modified":"2019-03-13T16:15:23","modified_gmt":"2019-03-13T16:15:23","slug":"das-ist-die-lenkungsgruppe","status":"publish","type":"page","link":"https:\/\/www.okja-sh.de\/?page_id=31","title":{"rendered":"Unser Netzwerk"},"content":{"rendered":"\n<h2 class=\"wp-block-heading\"><strong>Das ist das Netzwerk<\/strong><\/h2>\n\n\n\n<p>2013 wurde in Folge der 1. Woche der Offenen Kinder- und Jugendarbeit das Netzwerk OKJA SH gegr\u00fcndet. 2015 war ein Jahr, in dem die offene Kinder- und Jugendarbeit auf Landesebene durch das Netzwerk OKJA gest\u00e4rkt werden konnte und so f\u00fcr die kommunale\/ \u00f6rtliche Jugendarbeit in den Jugendzentren, Jugendh\u00e4usern und in der mobilen Jugendarbeit f\u00fcr eine breitere Anerkennung sorgt.<\/p>\n\n\n\n<p>Unser Netzwerk versteht sich als offene Arbeitsgemeinschaft, in der jede Kollegin und jeder Kollege herzlich eingeladen ist, eigene fachliche Inputs einzubringen. Was ist bisher geschehen?<\/p>\n\n\n\n<h2 class=\"wp-block-heading\"><strong>Was bisher geschah<\/strong><\/h2>\n\n\n\n<p>Es gab<br><\/p>\n\n\n\n<ul class=\"wp-block-list\"><li>landesweite Netzwerktreffen<\/li><li>mit der &#8222;Woche der Offenen Kinder- und Jugendarbeit&#8220; wurde auf unsere Arbeit aufmerksam gemacht<\/li><li>wir luden zu einem parlamentarischen Fr\u00fchst\u00fcck im Landeshaus in Kiel ein<\/li><li>2015 fanden vier Regionalkonferenzen statt, um den kommunalen Mehrwert der offenen Kinder- und Jugendarbeit Entscheidungstr\u00e4gerInnen in Politik und Verwaltung zu verdeutlichen und gleichfalls zur Diskussion zu stellen<\/li><li>unser Netzwerk ist in verschiedenen Arbeitsgruppen auf Landesebene eingebunden (u.a. Landesjugendhilfeausschuss)<\/li><\/ul>\n\n\n\n<p><strong>Kurzum: <\/strong> Das Netzwerk entwickelt sich zu einem festen Gespr\u00e4chspartner, um die  Bedeutung und den Stellenwert der offenen Kinder \u2013 und Jugendarbeit  weiter zu tragen. Und die Lenkungsgruppe des Netzwerkes OKJA SH trifft sich regelm\u00e4\u00dfig, um das Netzwerk voran zu bringen.<\/p>\n\n\n\n<h2 class=\"wp-block-heading\"><strong>Das ist die Lenkungsgruppe<\/strong><\/h2>\n\n\n\n<p>Die Lenkungsgruppe trifft sich durchschnittlich alle zwei Monate in unterschiedlichen Einrichtungen in ganz Schleswig-Holstein. In diesen Sitzungen werden aktuelle Problematiken aufgegriffen, verschiedene Themen diskutiert, die Netzwerktreffen, Fachtagungen etc. organisiert &#8211; im Grunde genommen die Professionalisierung unserer Arbeit voran getrieben.<\/p>\n\n\n\n<p>Jeder Kollegin, jedem Kollege aus der Offenen Kinder- und Jugendarbeit steht es frei, sich an dieser Arbeit zu beteiligen. Die Protokolle der Sitzungen werden bald hier zu finden sein.<br><\/p>\n","protected":false},"excerpt":{"rendered":"<p>Das ist das Netzwerk 2013 wurde in Folge der 1. Woche der Offenen Kinder- und Jugendarbeit das Netzwerk OKJA SH gegr\u00fcndet. 2015 war ein Jahr, in dem die offene Kinder- und Jugendarbeit auf Landesebene durch das Netzwerk OKJA gest\u00e4rkt werden konnte und so f\u00fcr die kommunale\/ \u00f6rtliche Jugendarbeit in den Jugendzentren, Jugendh\u00e4usern und in der &hellip; <\/p>\n<p class=\"link-more\"><a href=\"https:\/\/www.okja-sh.de\/?page_id=31\" class=\"more-link\"><span class=\"screen-reader-text\">\u201eUnser Netzwerk\u201c <\/span>weiterlesen<\/a><\/p>\n","protected":false},"author":1,"featured_media":0,"parent":0,"menu_order":0,"comment_status":"closed","ping_status":"closed","template":"","meta":{"footnotes":""},"class_list":["post-31","page","type-page","status-publish","hentry"],"_links":{"self":[{"href":"https:\/\/www.okja-sh.de\/index.php?rest_route=\/wp\/v2\/pages\/31","targetHints":{"allow":["GET"]}}],"collection":[{"href":"https:\/\/www.okja-sh.de\/index.php?rest_route=\/wp\/v2\/pages"}],"about":[{"href":"https:\/\/www.okja-sh.de\/index.php?rest_route=\/wp\/v2\/types\/page"}],"author":[{"embeddable":true,"href":"https:\/\/www.okja-sh.de\/index.php?rest_route=\/wp\/v2\/users\/1"}],"replies":[{"embeddable":true,"href":"https:\/\/www.okja-sh.de\/index.php?rest_route=%2Fwp%2Fv2%2Fcomments&post=31"}],"version-history":[{"count":5,"href":"https:\/\/www.okja-sh.de\/index.php?rest_route=\/wp\/v2\/pages\/31\/revisions"}],"predecessor-version":[{"id":107,"href":"https:\/\/www.okja-sh.de\/index.php?rest_route=\/wp\/v2\/pages\/31\/revisions\/107"}],"wp:attachment":[{"href":"https:\/\/www.okja-sh.de\/index.php?rest_route=%2Fwp%2Fv2%2Fmedia&parent=31"}],"curies":[{"name":"wp","href":"https:\/\/api.w.org\/{rel}","templated":true}]}}